{"id":444990,"date":"2019-08-22T10:22:30","date_gmt":"2019-08-22T10:22:30","guid":{"rendered":"https:\/\/canarinvestment.com\/cookie-policy\/"},"modified":"2019-08-22T10:22:30","modified_gmt":"2019-08-22T10:22:30","slug":"cookie-policy","status":"publish","type":"page","link":"https:\/\/canarinvestment.com\/en\/cookie-policy\/","title":{"rendered":"COOKIE POLICY"},"content":{"rendered":"<h4><strong>INFORMACI\u00d3N SOBRE <em>COOKIES<\/em><\/strong><\/h4>\n<div>Debido a la entrada en vigor de la referente modificaci\u00f3n de la \u201cLey de Servicios de la Sociedad de la Informaci\u00f3n\u201d (LSSICE) establecida por el Real Decreto 13\/2012, es de obligaci\u00f3n obtener el consentimiento expreso del usuario de todas las p\u00e1ginas web que usan <em>cookies <\/em>prescindibles, antes de que \u00e9ste navegue por ellas.<\/div>\n<p>&nbsp;<\/p>\n<h4><strong>\u00bfQU\u00c9 SON LAS <em>COOKIES<\/em>?<\/strong><\/h4>\n<div>Las <em>cookies <\/em>y otras tecnolog\u00edas similares tales como local shared objects, flash <em>cookies <\/em>o p\u00edxeles, son herramientas empleadas por los servidores Web para almacenar y recuperar informaci\u00f3n acerca de sus visitantes, as\u00ed como para ofrecer un correcto funcionamiento del sitio.<\/div>\n<div>Mediante el uso de estos dispositivos se permite al servidor Web recordar algunos datos concernientes al usuario, como sus preferencias para la visualizaci\u00f3n de las p\u00e1ginas de ese servidor, nombre y contrase\u00f1a, productos que m\u00e1s le interesan, etc.<\/div>\n<h4><em><strong>COOKIES <\/strong><\/em><strong>AFECTADAS POR LA NORMATIVA Y <em>COOKIES <\/em>EXCEPTUADAS<\/strong><\/h4>\n<div>Seg\u00fan la directiva de la UE, las <em>cookies <\/em>que requieren el consentimiento informado por parte del usuario son las <em>cookies <\/em>de anal\u00edtica y las de publicidad y afiliaci\u00f3n, quedando exceptuadas las de car\u00e1cter t\u00e9cnico y las necesarias para el funcionamiento del sitio web o la prestaci\u00f3n de servicios expresamente solicitados por el usuario.<\/div>\n<p>&nbsp;<\/p>\n<div><strong>\u00bfQU\u00c9 TIPOS DE <em>COOKIES <\/em>EXISTEN?<\/strong><\/div>\n<div>Sobre los tipos de cookies, existen cinco grandes grupos:<\/div>\n<div><\/div>\n<ul>\n<li><strong><em>Cookies <\/em>anal\u00edticas:<\/strong> recogen informaci\u00f3n del uso que se realiza del sitio web.<\/li>\n<\/ul>\n<ul>\n<li><strong><em>Cookies <\/em>sociales:<\/strong> son aquellas necesarias para redes sociales externas.<\/li>\n<\/ul>\n<ul>\n<li><strong><em>Cookies <\/em>de afiliados:<\/strong> permiten hacer un seguimiento de las visitas procedentes de otras webs, con las que el sitio web establece un contrato de afiliaci\u00f3n (empresas de afiliaci\u00f3n).<\/li>\n<\/ul>\n<ul>\n<li><strong><em>Cookies <\/em>de publicidad y de comportamiento:<\/strong> recogen informaci\u00f3n sobre las preferencias y elecciones personales del usuario (<em>retargeting<\/em>).<\/li>\n<\/ul>\n<ul>\n<li><strong><em>Cookies <\/em>t\u00e9cnicas y funcionales:<\/strong> son las estrictamente necesarias para el uso del sitio web y para la prestaci\u00f3n del servicio contratado.<\/li>\n<\/ul>\n<div><strong><em>COOKIES <\/em>QUE SE UTILIZAN EN ESTE SITIO WEB<\/strong><\/div>\n<p><b><i>Listar los nombres de las cookies, tipo, propietario, funci\u00f3n y vencimiento, por ejemplo:<\/i><\/b><\/p>\n<ul>\n<li><strong>PHPSESSID<\/strong>: <em>cookie <\/em>t\u00e9cnica y estrictamente necesaria que contiene el identificador de la sesi\u00f3n. Se elimina al cerrar el navegador.<\/li>\n<li><strong>_lang<\/strong>: <em>cookie <\/em>t\u00e9cnica y estrictamente necesaria que contiene el idioma de la sesi\u00f3n. Se elimina al cerrar el navegador.<\/li>\n<li><strong>ac_cookies<\/strong>: <em>cookie <\/em>t\u00e9cnica y estrictamente necesaria que contiene el valor de si se ha aceptado la instalaci\u00f3n de cookies. Caduca en 1 a\u00f1o desde la \u00faltima actualizaci\u00f3n.<\/li>\n<li><strong>_ga<\/strong>: <em>cookie <\/em>de Google Analytics que habilita la funci\u00f3n de control de visitas \u00fanicas. La primera vez que un usuario entre en el sitio web a trav\u00e9s de un navegador se instalar\u00e1 esta <em>cookie<\/em>. Cuando este usuario vuelva a entrar en la web con el mismo navegador, la <em>cookie <\/em>considerar\u00e1 que es el mismo usuario. Solo en el caso de que el usuario cambie de navegador, se considerar\u00e1 otro usuario. Caduca a los 2 a\u00f1os desde la \u00faltima actualizaci\u00f3n.<\/li>\n<li>_<strong>gat<\/strong>: Esta <em>cookie <\/em>se asocia con Google Analytics Universal. Se utiliza para limitar la velocidad de petici\u00f3n &#8211; la limitaci\u00f3n de la recogida de datos en los sitios de alto tr\u00e1fico. Caduca a los 10 minutos.<\/li>\n<li><strong>_utma<\/strong>: <em>cookie de <\/em>Google Analytics que registra la fecha de la primera y \u00faltima vez que el usuario visti\u00f3 el sitio web. Caduca a los 2 a\u00f1os desde la \u00faltima actualizaci\u00f3n.<\/li>\n<li><strong>_utmb<\/strong>: <em>cookie <\/em>de Google Analytics que registra la hora de llegada a la p\u00e1gina web. Caduca a los 30 minutos desde la \u00faltima actualizaci\u00f3n.<\/li>\n<li><strong>_utmc<\/strong>: <em>cookie <\/em>de Google Analytics utilizada para la interoperabilidad con el c\u00f3digo de seguimiento urchin.js. Se elimina al cerrar el navegador.<\/li>\n<li>_<strong>utmt<\/strong>: cookie de Google Analytics. Esta <em>cookie <\/em>se utiliza para procesar el tipo de solicitud pedida por el usuario. Caduca al finalizar la sesi\u00f3n.<\/li>\n<li>_<strong>utmv<\/strong>: cookie de Google Analytics. Esta <em>cookie <\/em>se utiliza para segmentar datos demogr\u00e1ficos. Caduca al finalizar la sesi\u00f3n.<\/li>\n<li><strong>_utmz<\/strong>: <em>cookie <\/em>de Google Analytics que almacena la fuente de tr\u00e1fico o una campa\u00f1a para explicar c\u00f3mo el usuario lleg\u00f3 al sitio web. Caduca a los 6 meses desde la \u00faltima actualizaci\u00f3n.<\/li>\n<\/ul>\n<h4><strong>REVOCACI\u00d3N DEL CONSENTIMIENTO PARA INSTALAR COOKIES<\/strong><\/h4>\n<p><strong>COMO ELIMINAR LAS COOKIES DEL NAVEGADOR<\/strong><\/p>\n<div><strong>Chrome<\/strong>1. Selecciona el icono de Herramientas<br \/>\n2. Haz clic en Configuraci\u00f3n.<br \/>\n3. Haz clic en Mostrar Opciones Avanzadas.<br \/>\n4. En la secci\u00f3n &#8220;Privacidad&#8221; haz clic en Configuraci\u00f3n de contenido.<br \/>\n\u2022 Eliminar cookies: Haz clic en Todas las cookies y los datos de sitios\u2026<br \/>\n\u2022 No permitir que se almacenen cookies.<br \/>\n5. Haz clic en Eliminar datos de navegaci\u00f3n (vaciar la Cach\u00e9).<br \/>\n6. Cierra y reinicia el navegador.Para m\u00e1s informaci\u00f3n sobre Chrome pulse aqu\u00ed: <a href=\"http:\/\/support.google.com\/chrome\/answer\/95647?hl=es\" data-cke-saved-href=\"http:\/\/support.google.com\/chrome\/answer\/95647?hl=es\" data-cke-saved- target=\"_blank\" rel=\"noopener\">http:\/\/support.google.com\/chrome\/answer\/95647?hl=es<\/a><strong>Internet Explorer. Versi\u00f3n 11<\/strong>1. Selecciona Herramientas | Opciones de Internet.<br \/>\n2. Haz clic en la ficha General.<br \/>\n3. En la secci\u00f3n &#8220;Historial de exploraci\u00f3n&#8221;, haz clic en Eliminar el historial de exploraci\u00f3n al salir.<br \/>\n4. Seleccionar Eliminar archivos.<br \/>\n5. Seleccionar Eliminar cookies.<br \/>\n6. Haz clic en Eliminar.<br \/>\n7. Haz clic en Aceptar.<br \/>\n8. Cierra y reinicia el navegador.<\/p>\n<p>Para m\u00e1s informaci\u00f3n sobre Internet Explorer pulse aqu\u00ed: <a href=\"http:\/\/windows.microsoft.com\/es-419\/windows7\/how-to-manage-cookies-in-internet-explorer-9\" data-cke-saved-href=\"http:\/\/windows.microsoft.com\/es-419\/windows7\/how-to-manage-cookies-in-internet-explorer-9\" data-cke-saved- target=\"_blank\" rel=\"noopener\">http:\/\/windows.microsoft.com\/es-419\/windows7\/how-to-manage-cookies-in-internet-explorer-9<\/a><\/p>\n<p><strong>Firefox. Versi\u00f3n 18<\/strong><\/p>\n<p>1. Selecciona Firefox | Historial | Limpiar el historial reciente.<br \/>\n2. Al lado de &#8220;Detalles&#8221;, haz clic en la flecha hacia abajo.<br \/>\n3. Selecciona las siguientes casillas de verificaci\u00f3n: Cookies, Cach\u00e9, Inicios de sesi\u00f3n activos<br \/>\n4. Usando el &#8220;Intervalo de tiempo para borrar&#8221; en el men\u00fa desplegable, selecciona Todo.<br \/>\n5. Haz clic en Borrar ahora.<br \/>\n6. Cierra y reinicia el navegador.<\/p>\n<p>Puede aceptar o rechazar las cookies individualmente en las Preferencias de Firefox, en la secci\u00f3n Historial disponible en Herramientas &gt; Opciones &gt; Privacidad.<\/p>\n<p>Para m\u00e1s informaci\u00f3n sobre Mozilla Firefox pulse aqu\u00ed: <a href=\"https:\/\/www.mozilla.org\/es-ES\/privacy\/websites\/#cookies\" data-cke-saved-href=\"https:\/\/www.mozilla.org\/es-ES\/privacy\/websites\/#cookies\" data-cke-saved- target=\"_blank\" rel=\"noopener\">https:\/\/www.mozilla.org\/es-ES\/privacy\/websites\/#cookies<\/a><\/p>\n<p><strong>Safari Versi\u00f3n 5.1<\/strong><\/p>\n<p>1. Selecciona el icono de Safari \/ Editar | Restaurar Safari.<br \/>\n2. Selecciona las siguientes casillas de verificaci\u00f3n: Borrar el historial, Eliminar todos los datos de sitio web<br \/>\n3. Haz clic en Restablecer.<br \/>\n4. Cierra y reinicia el navegador.<\/p>\n<p>Para m\u00e1s informaci\u00f3n sobre Safari pulse aqu\u00ed: <a href=\"http:\/\/support.apple.com\/kb\/PH5042\" data-cke-saved-href=\"http:\/\/support.apple.com\/kb\/PH5042\" data-cke-saved- target=\"_blank\" rel=\"noopener\">http:\/\/support.apple.com\/kb\/PH5042<\/a><\/p>\n<p><strong>Opera<\/strong><\/p>\n<p>Opciones &#8211; Avanzado &#8211; Cookies.<br \/>\nLas opciones de cookies controlan el modo en que Opera los maneja y por lo tanto su aceptaci\u00f3n o rechazo.<\/p>\n<p>Para m\u00e1s informaci\u00f3n sobre \u00d3pera pulse aqu\u00ed: <a href=\"http:\/\/help.opera.com\/Linux\/10.60\/es-ES\/cookies.html\" data-cke-saved-href=\"http:\/\/help.opera.com\/Linux\/10.60\/es-ES\/cookies.html\" data-cke-saved- target=\"_blank\" rel=\"noopener\">http:\/\/help.opera.com\/Linux\/10.60\/es-ES\/cookies.html<\/a><\/p>\n<p><strong>Otros navegadores<\/strong><\/p>\n<p>Consulte la documentaci\u00f3n del navegador que tenga instalado.<\/p>\n<\/div>\n","protected":false},"excerpt":{"rendered":"<p>INFORMACI\u00d3N SOBRE COOKIES Debido a la entrada en vigor de la referente modificaci\u00f3n de la \u201cLey de Servicios de la Sociedad de la Informaci\u00f3n\u201d (LSSICE) establecida por el Real Decreto 13\/2012, es de obligaci\u00f3n obtener el consentimiento expreso del usuario de todas las p\u00e1ginas web que usan cookies prescindibles, antes de que \u00e9ste navegue por ellas. &nbsp; \u00bfQU\u00c9 SON LAS COOKIES? Las cookies y<\/p>\n","protected":false},"author":1,"featured_media":0,"parent":0,"menu_order":0,"comment_status":"closed","ping_status":"closed","template":"","meta":{"footnotes":""},"class_list":["post-444990","page","type-page","status-publish","hentry"],"_links":{"self":[{"href":"https:\/\/canarinvestment.com\/en\/wp-json\/wp\/v2\/pages\/444990","targetHints":{"allow":["GET"]}}],"collection":[{"href":"https:\/\/canarinvestment.com\/en\/wp-json\/wp\/v2\/pages"}],"about":[{"href":"https:\/\/canarinvestment.com\/en\/wp-json\/wp\/v2\/types\/page"}],"author":[{"embeddable":true,"href":"https:\/\/canarinvestment.com\/en\/wp-json\/wp\/v2\/users\/1"}],"replies":[{"embeddable":true,"href":"https:\/\/canarinvestment.com\/en\/wp-json\/wp\/v2\/comments?post=444990"}],"version-history":[{"count":0,"href":"https:\/\/canarinvestment.com\/en\/wp-json\/wp\/v2\/pages\/444990\/revisions"}],"wp:attachment":[{"href":"https:\/\/canarinvestment.com\/en\/wp-json\/wp\/v2\/media?parent=444990"}],"curies":[{"name":"wp","href":"https:\/\/api.w.org\/{rel}","templated":true}]}}