{"id":444988,"date":"2019-07-02T15:29:37","date_gmt":"2019-07-02T15:29:37","guid":{"rendered":"https:\/\/canarinvestment.com\/politica-privacidad\/"},"modified":"2023-02-01T10:21:49","modified_gmt":"2023-02-01T10:21:49","slug":"privacy-policy","status":"publish","type":"page","link":"https:\/\/canarinvestment.com\/en\/privacy-policy\/","title":{"rendered":"Privacy Policy"},"content":{"rendered":"<h1 style=\"text-align: left;\">INFORMACION SOBRE EL TRATAMIENTO DE DATOS<\/h1>\n<p><strong>\u00bfQui\u00e9n es el responsable de sus datos?<\/strong><\/p>\n<p>De acuerdo con lo establecido por la Ley Org\u00e1nica 3\/2018, de 5 de diciembre, de Protecci\u00f3n de Datos Personales y garant\u00eda de los derechos digitales (LOPD) y el Reglamento General de Protecci\u00f3n de Datos (RGPD) de 27 de Abril de 2016, le informamos que los datos personales aportados ser\u00e1n tratados por Canarinvest Servicio Integral slu con CIF B76032440 y domicilio en Jose Yanez Matos, 2 Local 19, &#8211; 35100, Maspalomas (Las Palmas).<\/p>\n<p><strong>\u00bfCu\u00e1les son sus derechos cuando nos facilita sus datos?<\/strong><\/p>\n<p>Cualquier persona tiene derecho a solicitar el acceso, rectificaci\u00f3n, supresi\u00f3n, limitaci\u00f3n del tratamiento, oposici\u00f3n o derecho a la portabilidad de sus datos personales, escribi\u00e9ndonos a la direcci\u00f3n de nuestras oficinas, o enviando un correo electr\u00f3nico a info@canarinvestment.com, indicando el derecho que desea ejercer.<\/p>\n<p>Tendr\u00e1 derecho igualmente a retirar el consentimiento prestado en cualquier momento. La retirada del consentimiento no afectar\u00e1 a la licitud del tratamiento efectuado antes de la retirada de dicho consentimiento.<\/p>\n<p>Tiene derecho a presentar una reclamaci\u00f3n ante la autoridad de control si considera que pueden haber sido vulnerados sus derechos en lo concerniente a la protecci\u00f3n de sus datos personales.<\/p>\n<h3>\u00a0PARA CONTACTOS<\/h3>\n<p><strong>\u00bfCon qu\u00e9 finalidad tratamos sus datos personales?<\/strong><\/p>\n<p>Los datos aportados por usted son necesarios para poder prestarle con todas las garant\u00edas el servicio solicitado, y ser\u00e1n tratados con las siguientes finalidades: atender las consultas realizadas, gestionar las comunicaciones de la empresa y enviar de informaci\u00f3n comercial relacionada con nuestra actividad.<\/p>\n<p><strong>\u00bfPor cu\u00e1nto tiempo conservaremos sus datos?<\/strong><\/p>\n<p>Los datos personales proporcionados se conservar\u00e1n mientras se prevea que pueden ser necesarios para contactar con el interesado.<\/p>\n<p><strong>\u00bfCu\u00e1l es la legitimaci\u00f3n para el tratamiento de sus datos?<\/strong><\/p>\n<p>Consentimiento del interesado al proporcionar sus datos de contacto.<\/p>\n<p><strong>\u00bfA qu\u00e9 destinatarios se comunicar\u00e1n sus datos?<\/strong><\/p>\n<p>Sus datos no se ceder\u00e1n a terceros salvo obligaci\u00f3n legal.<\/p>\n<h3>PARA POSIBLES COMPRADORES Y ARRENDATARIOS<\/h3>\n<p><strong>\u00bfCon qu\u00e9 finalidad tratamos sus datos personales?<\/strong><\/p>\n<p>Los datos aportados por usted son necesarios para poder prestarle con todas las garant\u00edas el servicio solicitado, y ser\u00e1n tratados con las siguientes finalidades: Gesti\u00f3n los datos de clientes que buscan alquilar o comprar alg\u00fan inmueble para la presentaci\u00f3n de ofertas adaptadas a sus necesidades.<\/p>\n<p><strong>\u00bfPor cu\u00e1nto tiempo conservaremos sus datos?<\/strong><\/p>\n<p>Los datos proporcionados se conservar\u00e1n mientras sea necesario contactar con el interesado.<\/p>\n<p><strong>\u00bfCu\u00e1l es la legitimaci\u00f3n para el tratamiento de sus datos?<\/strong><\/p>\n<p>La base legal para el tratamiento de sus datos es el inter\u00e9s leg\u00edtimo del responsable al proporcionar sus datos de contacto para poder realizar el servicio.<\/p>\n<p><strong>\u00bfA qu\u00e9 destinatarios se comunicar\u00e1n sus datos?<\/strong><\/p>\n<p>Sus datos no se ceder\u00e1n a terceros salvo obligaci\u00f3n legal.<\/p>\n<h3>PARA PROPIETARIOS<\/h3>\n<p><strong>\u00bfCon qu\u00e9 finalidad tratamos sus datos personales?<\/strong><\/p>\n<p>Los datos aportados por usted son necesarios para poder prestarle con todas las garant\u00edas el servicio solicitado, y ser\u00e1n tratados con las siguientes finalidades: Gesti\u00f3n de encargos de venta o alquiler de los inmuebles, tramitaci\u00f3n de la documentaci\u00f3n necesaria para estos fines y gesti\u00f3n administrativa y contable.<\/p>\n<p><strong>\u00bfPor cu\u00e1nto tiempo conservaremos sus datos?<\/strong><\/p>\n<p>Los datos proporcionados se conservar\u00e1n mientras se mantenga la relaci\u00f3n mercantil y posteriormente durante los plazos legalmente exigidos.<\/p>\n<p><strong>\u00bfCu\u00e1l es la legitimaci\u00f3n para el tratamiento de sus datos?<\/strong><\/p>\n<p>Ejecuci\u00f3n del contrato de prestaci\u00f3n de servicios.<\/p>\n<p><strong>\u00bfA qu\u00e9 destinatarios se comunicar\u00e1n sus datos?<\/strong><\/p>\n<p>Para cumplir con la finalidad prevista, sus datos podr\u00e1n ser comunicados a: Registros p\u00fablicos; Administraci\u00f3n tributaria; Notarios y procuradores; Bancos, cajas de ahorros y cajas rurales; Compradores o arrendatarios.<\/p>\n","protected":false},"excerpt":{"rendered":"<p>INFORMACION SOBRE EL TRATAMIENTO DE DATOS \u00bfQui\u00e9n es el responsable de sus datos? De acuerdo con lo establecido por la Ley Org\u00e1nica 3\/2018, de 5 de diciembre, de Protecci\u00f3n de Datos Personales y garant\u00eda de los derechos digitales (LOPD) y el Reglamento General de Protecci\u00f3n de Datos (RGPD) de 27 de Abril de 2016, le informamos que los datos personales aportados ser\u00e1n tratados por<\/p>\n","protected":false},"author":1,"featured_media":0,"parent":0,"menu_order":0,"comment_status":"closed","ping_status":"closed","template":"gdpr_terms.php","meta":{"footnotes":""},"class_list":["post-444988","page","type-page","status-publish","hentry"],"_links":{"self":[{"href":"https:\/\/canarinvestment.com\/en\/wp-json\/wp\/v2\/pages\/444988","targetHints":{"allow":["GET"]}}],"collection":[{"href":"https:\/\/canarinvestment.com\/en\/wp-json\/wp\/v2\/pages"}],"about":[{"href":"https:\/\/canarinvestment.com\/en\/wp-json\/wp\/v2\/types\/page"}],"author":[{"embeddable":true,"href":"https:\/\/canarinvestment.com\/en\/wp-json\/wp\/v2\/users\/1"}],"replies":[{"embeddable":true,"href":"https:\/\/canarinvestment.com\/en\/wp-json\/wp\/v2\/comments?post=444988"}],"version-history":[{"count":2,"href":"https:\/\/canarinvestment.com\/en\/wp-json\/wp\/v2\/pages\/444988\/revisions"}],"predecessor-version":[{"id":445000,"href":"https:\/\/canarinvestment.com\/en\/wp-json\/wp\/v2\/pages\/444988\/revisions\/445000"}],"wp:attachment":[{"href":"https:\/\/canarinvestment.com\/en\/wp-json\/wp\/v2\/media?parent=444988"}],"curies":[{"name":"wp","href":"https:\/\/api.w.org\/{rel}","templated":true}]}}