{"id":40704,"date":"2015-02-19T09:48:19","date_gmt":"2015-02-19T09:48:19","guid":{"rendered":"https:\/\/pruebas2.canarinvestment.com\/nehmen-sie-kontakt-mit-uns-auf\/"},"modified":"2023-12-14T11:45:59","modified_gmt":"2023-12-14T11:45:59","slug":"nehmen-sie-kontakt-mit-uns-auf","status":"publish","type":"page","link":"https:\/\/canarinvestment.com\/de\/nehmen-sie-kontakt-mit-uns-auf\/","title":{"rendered":"Nehmen Sie Kontakt mit uns auf"},"content":{"rendered":"<div class=\"wpb-content-wrapper\"><p>[vc_row][vc_column]<div id=\"mpc_textblock-9369d3010f6a436\" class=\"mpc-textblock mpc-init mpc-typography--mpc_preset_9 \"><p><span style=\"color: #ff9900;\">Kontaktieren<\/span> <span style=\"color: #000000;\"> sie uns<\/span><\/p>\n<\/div>[vc_column_text css=&#8221;.vc_custom_1572359003527{margin-top: 20px !important;padding-right: 10% !important;padding-left: 10% !important;}&#8221;]<\/p>\n<p style=\"text-align: center;\">Um Ihnen den besten Service bieten zu k\u00f6nnen, m\u00fcssen wir ein bisschen mehr \u00fcber Sie wissen \u2026 Welche Ziele Sie haben, wonach Sie suchen, wie wir Ihnen helfen k\u00f6nnen und wie Ihr Leben von diesem Moment an sein soll.<\/p>\n<p>[\/vc_column_text][\/vc_column][\/vc_row][vc_row][vc_column width=&#8221;1\/2&#8243;]<div data-id=\"mpc_map-2169d3010f6a523\" class=\"mpc-map-wrap \" ><p class=\"mpc-error\">If you see this Google Maps wasn't properly loaded. Please refresh your page \ud83d\ude42<\/p><div class=\"mpc-map mpc-init \" data-map-options=\"{&quot;disable_auto_zoom&quot;:true,&quot;zoom&quot;:&quot;14&quot;,&quot;disable_auto_location&quot;:false,&quot;location&quot;:&quot;&quot;,&quot;disable_ui&quot;:false,&quot;disable_scroll_wheel&quot;:false,&quot;style&quot;:&quot;default&quot;,&quot;markers&quot;:[{&quot;location&quot;:{&quot;latitude&quot;:&quot;27.769662&quot;,&quot;longitude&quot;:&quot;-15.586196&quot;},&quot;icon_url&quot;:&quot;https:\\\/\\\/canarinvestment.com\\\/wp-content\\\/plugins\\\/mpc-massive\\\/assets\\\/images\\\/defaults\\\/location.png&quot;}]}\"><\/div><\/div>[vc_column_text css=&#8221;.vc_custom_1688036413641{margin-top: 40px !important;margin-bottom: 20px !important;}&#8221;]<\/p>\n<h3>\u00d6ffnungszeiten<\/h3>\n<p>Montag bis Freitag von 9.00 bis 17.00 Uhr[\/vc_column_text]<div id=\"mpc_connected_icons-669d3010f6a66f\" class=\"mpc-connected-icons mpc-init mpc-transition \"  data-ci-cols=\"4\" data-target=\"icon\" data-layout=\"vertical\"><div class=\"mpc-connected-icons__line\"><span><\/span><\/div><div data-id=\"mpc_icon_column-4269d3010f6a75c\" class=\"mpc-icon-column mpc-init mpc-parent-hover mpc-transition mpc-icon-column--style_3 mpc-align--left \" ><div data-id=\"mpc_icon-6569d3010f6a799\" class=\"mpc-icon mpc-init mpc-transition mpc-effect-none mpc-icon-hover \"><div class=\"mpc-icon-wrap\"><i class=\"mpc-icon-part mpc-regular mpc-transition  fa fa-map-marker\"><\/i><i class=\"mpc-icon-part mpc-hover mpc-transition  fa fa-map-marker\"><\/i><\/div><\/div><div class=\"mpc-icon-column__content-wrap\"><div class=\"mpc-icon-column__content\"><h3 class=\"mpc-icon-column__heading mpc-typography--mpc_preset_20 mpc-transition\">Jose Yanez Matos, 2 Local 19B 35100 Maspalomas - Las Palmas<\/h3><\/div><\/div><\/div><div data-id=\"mpc_icon_column-169d3010f6a82d\" class=\"mpc-icon-column mpc-init mpc-parent-hover mpc-transition mpc-icon-column--style_3 mpc-align--left \" ><div data-id=\"mpc_icon-6169d3010f6a859\" class=\"mpc-icon mpc-init mpc-transition mpc-effect-none mpc-icon-hover \"><div class=\"mpc-icon-wrap\"><i class=\"mpc-icon-part mpc-regular mpc-transition  fa fa-phone\"><\/i><i class=\"mpc-icon-part mpc-hover mpc-transition  fa fa-phone\"><\/i><\/div><\/div><div class=\"mpc-icon-column__content-wrap\"><div class=\"mpc-icon-column__content\"><h3 class=\"mpc-icon-column__heading mpc-typography--mpc_preset_20 mpc-transition\">+34 928 730 065<\/h3><\/div><\/div><\/div><div data-id=\"mpc_icon_column-1269d3010f6a8e0\" class=\"mpc-icon-column mpc-init mpc-parent-hover mpc-transition mpc-icon-column--style_3 mpc-align--left \" ><div data-id=\"mpc_icon-7769d3010f6a905\" class=\"mpc-icon mpc-init mpc-transition mpc-effect-none mpc-icon-hover \"><div class=\"mpc-icon-wrap\"><i class=\"mpc-icon-part mpc-regular mpc-transition  fa fa-envelope\"><\/i><i class=\"mpc-icon-part mpc-hover mpc-transition  fa fa-envelope\"><\/i><\/div><\/div><div class=\"mpc-icon-column__content-wrap\"><div class=\"mpc-icon-column__content\"><h3 class=\"mpc-icon-column__heading mpc-typography--mpc_preset_20 mpc-transition\">info @ canarinvestment.com<\/h3><\/div><\/div><\/div><\/div>[\/vc_column][vc_column width=&#8221;1\/2&#8243;][vc_single_image image=&#8221;32779&#8243; img_size=&#8221;large&#8221; style=&#8221;vc_box_rounded&#8221; css_animation=&#8221;bounceInRight&#8221;]  <div class=\"shortcode_contact_form sh_form_align_left\">\n     \n        <div class=\"alert-box error\">\n            <div class=\"alert-message\" id=\"footer_alert-agent-contact_sh\"><\/div>\n        <\/div> \n        \n        <input type=\"text\" placeholder=\"Dein Name\" required=\"required\"   id=\"foot_contact_name_sh\"  name=\"contact_name\" class=\"form-control\" value=\"\" tabindex=\"373\"> \n        <input type=\"email\" required=\"required\" placeholder=\"Deine E-Mail\"  id=\"foot_contact_email_sh\" name=\"contact_email\" class=\"form-control\" value=\"\" tabindex=\"374\">\n        <input type=\"email\" required=\"required\" placeholder=\"Dein Telefon\"  id=\"foot_contact_phone_sh\" name=\"contact_phone\" class=\"form-control\" value=\"\" tabindex=\"374\">\n        <textarea placeholder=\"Geben Sie Ihre Nachricht ein ...\" required=\"required\" id=\"foot_contact_content_sh\" name=\"contact_content\" class=\"form-control\" rows=\"4\" tabindex=\"375\"><\/textarea>\n        <input type=\"hidden\" name=\"contact_footer_ajax_nonce\" id=\"contact_footer_ajax_nonce_sh\"  value=\"dafd8916d9\" \/><div class=\"gpr_wrapper\"><input type=\"checkbox\" id=\"wpestate_agree_gdpr\" class=\"wpestate_agree_gdpr\" name=\"wpestate_agree_gdpr\" \/>\n            <label for=\"wpestate_agree_gdpr\">Ich erkl\u00e4re ich mich mit den Bedingungen der Datenschutzrichtlinie <a target=\"_blank\" href=\"https:\/\/canarinvestment.com\/de\/politica-de-privacidad-aviso-legal\/\">GDPR einverstanden<\/a><\/label><\/div>\n          <div class=\"btn-cont\">\n            <button type=\"submit\" id=\"btn-cont-submit_sh\" class=\"wpresidence_button\">Nachricht senden<\/button>\n         \n            <input type=\"hidden\" value=\"\" name=\"contact_to\">\n            <div class=\"bottom-arrow\"><\/div>\n        <\/div>  \n    <\/div><script type=\"text\/javascript\">\n                \/\/<![CDATA[\n                jQuery(document).ready(function(){\n                  wpestate_contact_us_shortcode();\n                });\n                \/\/]]>\n            <\/script>[\/vc_column][\/vc_row]<\/p>\n<\/div>","protected":false},"excerpt":{"rendered":"<p>[vc_row][vc_column][vc_column_text css=&#8221;.vc_custom_1572359003527{margin-top: 20px !important;padding-right: 10% !important;padding-left: 10% !important;}&#8221;] Um Ihnen den besten Service bieten zu k\u00f6nnen, m\u00fcssen wir ein bisschen mehr \u00fcber Sie wissen \u2026 Welche Ziele Sie haben, wonach Sie suchen, wie wir Ihnen helfen k\u00f6nnen und wie Ihr Leben von diesem Moment an sein soll. [\/vc_column_text][\/vc_column][\/vc_row][vc_row][vc_column width=&#8221;1\/2&#8243;][vc_column_text css=&#8221;.vc_custom_1688036413641{margin-top: 40px !important;margin-bottom: 20px !important;}&#8221;] \u00d6ffnungszeiten Montag bis Freitag von 9.00 bis 17.00 Uhr[\/vc_column_text][\/vc_column][vc_column width=&#8221;1\/2&#8243;][vc_single_image<\/p>\n","protected":false},"author":1,"featured_media":0,"parent":0,"menu_order":0,"comment_status":"closed","ping_status":"closed","template":"","meta":{"footnotes":""},"class_list":["post-40704","page","type-page","status-publish","hentry"],"_links":{"self":[{"href":"https:\/\/canarinvestment.com\/de\/wp-json\/wp\/v2\/pages\/40704","targetHints":{"allow":["GET"]}}],"collection":[{"href":"https:\/\/canarinvestment.com\/de\/wp-json\/wp\/v2\/pages"}],"about":[{"href":"https:\/\/canarinvestment.com\/de\/wp-json\/wp\/v2\/types\/page"}],"author":[{"embeddable":true,"href":"https:\/\/canarinvestment.com\/de\/wp-json\/wp\/v2\/users\/1"}],"replies":[{"embeddable":true,"href":"https:\/\/canarinvestment.com\/de\/wp-json\/wp\/v2\/comments?post=40704"}],"version-history":[{"count":4,"href":"https:\/\/canarinvestment.com\/de\/wp-json\/wp\/v2\/pages\/40704\/revisions"}],"predecessor-version":[{"id":506662,"href":"https:\/\/canarinvestment.com\/de\/wp-json\/wp\/v2\/pages\/40704\/revisions\/506662"}],"wp:attachment":[{"href":"https:\/\/canarinvestment.com\/de\/wp-json\/wp\/v2\/media?parent=40704"}],"curies":[{"name":"wp","href":"https:\/\/api.w.org\/{rel}","templated":true}]}}